{"id":32843,"date":"2025-04-22T12:27:31","date_gmt":"2025-04-22T12:27:31","guid":{"rendered":"https:\/\/alpeor.com\/?post_type=product&#038;p=32843"},"modified":"2026-02-04T08:57:38","modified_gmt":"2026-02-04T08:57:38","slug":"eye-contour-cream","status":"publish","type":"product","link":"https:\/\/alpeor.com\/fr\/product\/eye-contour-cream\/","title":{"rendered":"Cr\u00e8me Bonheur des Yeux"},"content":{"rendered":"<p>V\u00e9ritable incontournable, ce gel-cr\u00e8me renforce les zones sensibles susceptibles de voir appara\u00eetre les premiers signes de l'\u00e2ge. L\u2019association de l\u2019extrait de p\u00e9pins de Pomme et des eaux florales de Bleuet et de Camomille assurent fermet\u00e9, protection micro-capillaire et apaisement. La peau se structure et le regard retrouve toute son intensit\u00e9.<\/p>","protected":false},"excerpt":{"rendered":"<p>V\u00e9ritable incontournable, ce gel-cr\u00e8me renforce les zones sensibles susceptibles de voir appara\u00eetre les premiers signes de l'\u00e2ge. L\u2019association de l\u2019extrait de p\u00e9pins de Pomme et des eaux florales de Bleuet et de Camomille assurent fermet\u00e9, protection micro-capillaire et apaisement. La peau se structure et le regard retrouve toute son intensit\u00e9.<\/p>","protected":false},"featured_media":45757,"template":"","meta":{"_acf_changed":false,"_et_pb_use_builder":"off","_et_pb_old_content":"A must-have in your beauty routine, this cream strengthens the area where the first signs of aging tend to appear. The combination of Apple seed extract, Cornflower and Chamomile extract, ensures firmness, micro-capillary protection, and a soothing action. The eye contour area is toned and the look is radiant.","_et_gb_content_width":""},"product_brand":[],"product_cat":[60,43,53,45,59],"product_tag":[],"class_list":{"0":"post-32843","1":"product","2":"type-product","3":"status-publish","4":"has-post-thumbnail","6":"product_cat-collections","7":"product_cat-anti-aging","8":"product_cat-anti-aging-concerns","9":"product_cat-eye","10":"product_cat-horizon","12":"first","13":"instock","14":"shipping-taxable","15":"purchasable","16":"product-type-simple"},"acf":[],"_links":{"self":[{"href":"https:\/\/alpeor.com\/fr\/wp-json\/wp\/v2\/product\/32843","targetHints":{"allow":["GET"]}}],"collection":[{"href":"https:\/\/alpeor.com\/fr\/wp-json\/wp\/v2\/product"}],"about":[{"href":"https:\/\/alpeor.com\/fr\/wp-json\/wp\/v2\/types\/product"}],"wp:featuredmedia":[{"embeddable":true,"href":"https:\/\/alpeor.com\/fr\/wp-json\/wp\/v2\/media\/45757"}],"wp:attachment":[{"href":"https:\/\/alpeor.com\/fr\/wp-json\/wp\/v2\/media?parent=32843"}],"wp:term":[{"taxonomy":"product_brand","embeddable":true,"href":"https:\/\/alpeor.com\/fr\/wp-json\/wp\/v2\/product_brand?post=32843"},{"taxonomy":"product_cat","embeddable":true,"href":"https:\/\/alpeor.com\/fr\/wp-json\/wp\/v2\/product_cat?post=32843"},{"taxonomy":"product_tag","embeddable":true,"href":"https:\/\/alpeor.com\/fr\/wp-json\/wp\/v2\/product_tag?post=32843"}],"curies":[{"name":"wp","href":"https:\/\/api.w.org\/{rel}","templated":true}]}}