{"id":32823,"date":"2025-04-22T09:51:43","date_gmt":"2025-04-22T09:51:43","guid":{"rendered":"https:\/\/alpeor.com\/?post_type=product&#038;p=32823"},"modified":"2026-02-11T09:34:49","modified_gmt":"2026-02-11T09:34:49","slug":"or-des-alpes","status":"publish","type":"product","link":"https:\/\/alpeor.com\/fr\/product\/or-des-alpes\/","title":{"rendered":"Or des Alpes"},"content":{"rendered":"<p>V\u00e9ritable tr\u00e9sor v\u00e9g\u00e9tal, ce soin biotechnologique de pointe ralentit le processus de formation des rides. Sa formule exclusive concentre la puissance du Rhodiola rosea, plante adaptog\u00e8ne rare  reconnue pour ses puissantes propri\u00e9t\u00e9 anti-\u00e2ge et cultiv\u00e9e \u00e0 plus de 2 500 m\u00e8tres d\u2019altitude. En r\u00e9veillant la prot\u00e9ine de jeunesse FOXO, dont les scientifiques ont d\u00e9couvert le r\u00f4le essentiel dans la long\u00e9vit\u00e9 cellulaire, ce soin pr\u00e9cieux\nstimule la d\u00e9toxifiaction et la r\u00e9partaion cellulaire.  Enfin, un cocktail de 6 huiles v\u00e9g\u00e9tales 100% naturelles ont \u00e9t\u00e9 sp\u00e9cifiquement s\u00e9lectionn\u00e9es pour agir au c\u0153ur de la peau. Jour apr\u00e8s jour, comme combl\u00e9e de l\u2019int\u00e9rieur, la peau est repulp\u00e9e, le relief cutan\u00e9 est corrig\u00e9, l\u2019apparition de nouvelles rides et ridules est ralenti. Au toucher, la peau se m\u00e9tamorphose et offre une qualit\u00e9 exceptionnelle. Sa texture huile s\u00e8che fusionne instantan\u00e9ment avec la peau. <\/p>","protected":false},"excerpt":{"rendered":"<p>A true botanical gem, this innovative, biotechnological serum prevents the premature onset of wrinkles. Its exclusive formula concentrates the power of Rhodiola rosea, a rare adaptogenic plant renowned for its powerful anti-aging properties, grown at over 2,500 metres above sea level. By awakening the FOXO youth protein, discovered by scientists to play an essential role [&hellip;]<\/p>\n","protected":false},"featured_media":45773,"template":"","meta":{"_acf_changed":false,"_et_pb_use_builder":"off","_et_pb_old_content":"A true botanical gem, this innovative, biotechnological serum prevents the premature onset of wrinkles. Its exclusive formula contains powerful Rhodiola rosea extract, which awakens the youth protein FOXO, combined with a blend of seven, 100% natural botanical oils specifically selected to act at the skin\u2019s core. Day after day, as if being rebuilt from within, the skin is plumped, texture is corrected, and the appearance of new wrinkles and fine lines is slowed. Skin quality is transformed. The dry oil texture melts instantly into the skin.","_et_gb_content_width":""},"product_brand":[],"product_cat":[60,43,53,39,56,59,54,44],"product_tag":[],"class_list":{"0":"post-32823","1":"product","2":"type-product","3":"status-publish","4":"has-post-thumbnail","6":"product_cat-collections","7":"product_cat-anti-aging","8":"product_cat-anti-aging-concerns","9":"product_cat-bestsellers","10":"product_cat-dry-dehydrated-skin","11":"product_cat-horizon","12":"product_cat-sensitive-skin","13":"product_cat-serums-essence","15":"first","16":"instock","17":"shipping-taxable","18":"purchasable","19":"product-type-simple"},"acf":[],"_links":{"self":[{"href":"https:\/\/alpeor.com\/fr\/wp-json\/wp\/v2\/product\/32823","targetHints":{"allow":["GET"]}}],"collection":[{"href":"https:\/\/alpeor.com\/fr\/wp-json\/wp\/v2\/product"}],"about":[{"href":"https:\/\/alpeor.com\/fr\/wp-json\/wp\/v2\/types\/product"}],"wp:featuredmedia":[{"embeddable":true,"href":"https:\/\/alpeor.com\/fr\/wp-json\/wp\/v2\/media\/45773"}],"wp:attachment":[{"href":"https:\/\/alpeor.com\/fr\/wp-json\/wp\/v2\/media?parent=32823"}],"wp:term":[{"taxonomy":"product_brand","embeddable":true,"href":"https:\/\/alpeor.com\/fr\/wp-json\/wp\/v2\/product_brand?post=32823"},{"taxonomy":"product_cat","embeddable":true,"href":"https:\/\/alpeor.com\/fr\/wp-json\/wp\/v2\/product_cat?post=32823"},{"taxonomy":"product_tag","embeddable":true,"href":"https:\/\/alpeor.com\/fr\/wp-json\/wp\/v2\/product_tag?post=32823"}],"curies":[{"name":"wp","href":"https:\/\/api.w.org\/{rel}","templated":true}]}}