{"id":32819,"date":"2025-04-22T12:16:20","date_gmt":"2025-04-22T12:16:20","guid":{"rendered":"https:\/\/alpeor.com\/?post_type=product&#038;p=32819"},"modified":"2026-03-10T07:58:52","modified_gmt":"2026-03-10T07:58:52","slug":"splendour-cream","status":"publish","type":"product","link":"https:\/\/alpeor.com\/fr\/product\/splendour-cream\/","title":{"rendered":"Cr\u00e8me Pr\u00e9cieuse"},"content":{"rendered":"<p>Ce soin cible les peaux s\u00e8ches qui r\u00e9clament \u00e0 la fois nutrition intense et hydratation. Agit \u00e0 4 niveaux pour restaurer l'\u00e9quilibre hydrique naturel de la peau et relancer les m\u00e9canismes d'hydratation.<br \/>\nUn m\u00e9lange exclusif d\u2019actifs v\u00e9g\u00e9taux d\u2019Imp\u00e9ratoire, de Mauve ainsi que d\u2019Edelweiss prot\u00e8ge et renforce la barri\u00e8re cutan\u00e9e.<br \/>\nEn seulement une heure, l'hydratation de la peau est augment\u00e9e de 91%. Jour apr\u00e8s jour, la peau est revitalis\u00e9e. Elle retrouve \u00e9clat, confort et hydratation.<\/p>","protected":false},"excerpt":{"rendered":"<p>This skincare cream targets dry skin in need of intense nutrition and hydration. Works on four levels to restore skin\u2019s natural hydration levels and re-start its hydration mechanisms. An exclusive blend of botanical active ingredients, Masterwort, Mallow and Edelweiss protect and strengthen the cutaneous barrier. In just one hour, skin hydration is increased by 91%. [&hellip;]<\/p>\n","protected":false},"featured_media":45771,"template":"","meta":{"_acf_changed":false,"_et_pb_use_builder":"","_et_pb_old_content":"","_et_gb_content_width":""},"product_brand":[],"product_cat":[60,39,56,40,46,54],"product_tag":[],"class_list":{"0":"post-32819","1":"product","2":"type-product","3":"status-publish","4":"has-post-thumbnail","6":"product_cat-collections","7":"product_cat-bestsellers","8":"product_cat-dry-dehydrated-skin","9":"product_cat-hydraswiss","10":"product_cat-hydrating","11":"product_cat-sensitive-skin","13":"first","14":"instock","15":"shipping-taxable","16":"purchasable","17":"product-type-simple"},"acf":[],"_links":{"self":[{"href":"https:\/\/alpeor.com\/fr\/wp-json\/wp\/v2\/product\/32819","targetHints":{"allow":["GET"]}}],"collection":[{"href":"https:\/\/alpeor.com\/fr\/wp-json\/wp\/v2\/product"}],"about":[{"href":"https:\/\/alpeor.com\/fr\/wp-json\/wp\/v2\/types\/product"}],"wp:featuredmedia":[{"embeddable":true,"href":"https:\/\/alpeor.com\/fr\/wp-json\/wp\/v2\/media\/45771"}],"wp:attachment":[{"href":"https:\/\/alpeor.com\/fr\/wp-json\/wp\/v2\/media?parent=32819"}],"wp:term":[{"taxonomy":"product_brand","embeddable":true,"href":"https:\/\/alpeor.com\/fr\/wp-json\/wp\/v2\/product_brand?post=32819"},{"taxonomy":"product_cat","embeddable":true,"href":"https:\/\/alpeor.com\/fr\/wp-json\/wp\/v2\/product_cat?post=32819"},{"taxonomy":"product_tag","embeddable":true,"href":"https:\/\/alpeor.com\/fr\/wp-json\/wp\/v2\/product_tag?post=32819"}],"curies":[{"name":"wp","href":"https:\/\/api.w.org\/{rel}","templated":true}]}}