{"id":32815,"date":"2025-04-22T12:13:23","date_gmt":"2025-04-22T12:13:23","guid":{"rendered":"https:\/\/alpeor.com\/?post_type=product&#038;p=32815"},"modified":"2025-09-24T10:37:06","modified_gmt":"2025-09-24T10:37:06","slug":"harmony-fluid","status":"publish","type":"product","link":"https:\/\/alpeor.com\/fr\/product\/harmony-fluid\/","title":{"rendered":"Voile Harmonie"},"content":{"rendered":"<p>Sp\u00e9cialement con\u00e7u pour les peaux mixtes \u00e0 grasses, le soin Voile Harmonie offre une formule unique, au pH proche de celui de la peau, pour une triple action:<br \/>\n1. PURIFIANTE,  favorise un microbiome \u00e9quilibr\u00e9 et stimule le syst\u00e8me de d\u00e9fenses naturelles de la peau.<br \/>\n2. HYDRATANTE, pour un confort tout au long de la journ\u00e9e.<br \/>\n3. MATIFIANTE, pour un effet r\u00e9gulateur imm\u00e9diat et durable. Sa formulation de pointe riche en extraits d\u2019Epilobe et d\u2019Orange r\u00e9\u00e9quilibre l\u2019\u00e9piderme et restaure l\u2019int\u00e9grit\u00e9 de la barri\u00e8re cutan\u00e9e tout en maintenant un niveau d\u2019hydratation id\u00e9al durant la journ\u00e9e. La peau est r\u00e9\u00e9quilibr\u00e9e et visiblement plus nette, hydrat\u00e9e et lumineuse<\/p>","protected":false},"excerpt":{"rendered":"<p>Specifically created for oily to combination skin, Harmony Fluid offers a unique formula, close the skin\u2019s natural pH, for a triple action: 1. PURIFIES, promotes a balanced microbiome and stimulates skin\u2019s natural defense mechanisms. 2. HYDRATES, for all-day comfort. 3. MATTIFIES, for an instant and long-lasting regulating effect. This cutting-edge formula is rich in Willowherb [&hellip;]<\/p>\n","protected":false},"featured_media":45770,"template":"","meta":{"_acf_changed":false,"_et_pb_use_builder":"","_et_pb_old_content":"","_et_gb_content_width":""},"product_brand":[],"product_cat":[60,40,46,47,55],"product_tag":[],"class_list":{"0":"post-32815","1":"product","2":"type-product","3":"status-publish","4":"has-post-thumbnail","6":"product_cat-collections","7":"product_cat-hydraswiss","8":"product_cat-hydrating","9":"product_cat-mattifying","10":"product_cat-oily-skin","12":"first","13":"instock","14":"shipping-taxable","15":"purchasable","16":"product-type-simple"},"acf":[],"_links":{"self":[{"href":"https:\/\/alpeor.com\/fr\/wp-json\/wp\/v2\/product\/32815","targetHints":{"allow":["GET"]}}],"collection":[{"href":"https:\/\/alpeor.com\/fr\/wp-json\/wp\/v2\/product"}],"about":[{"href":"https:\/\/alpeor.com\/fr\/wp-json\/wp\/v2\/types\/product"}],"wp:featuredmedia":[{"embeddable":true,"href":"https:\/\/alpeor.com\/fr\/wp-json\/wp\/v2\/media\/45770"}],"wp:attachment":[{"href":"https:\/\/alpeor.com\/fr\/wp-json\/wp\/v2\/media?parent=32815"}],"wp:term":[{"taxonomy":"product_brand","embeddable":true,"href":"https:\/\/alpeor.com\/fr\/wp-json\/wp\/v2\/product_brand?post=32815"},{"taxonomy":"product_cat","embeddable":true,"href":"https:\/\/alpeor.com\/fr\/wp-json\/wp\/v2\/product_cat?post=32815"},{"taxonomy":"product_tag","embeddable":true,"href":"https:\/\/alpeor.com\/fr\/wp-json\/wp\/v2\/product_tag?post=32815"}],"curies":[{"name":"wp","href":"https:\/\/api.w.org\/{rel}","templated":true}]}}