{"id":32806,"date":"2025-04-22T12:03:38","date_gmt":"2025-04-22T12:03:38","guid":{"rendered":"https:\/\/alpeor.com\/?post_type=product&#038;p=32806"},"modified":"2025-09-24T10:35:20","modified_gmt":"2025-09-24T10:35:20","slug":"floral-skin-toner","status":"publish","type":"product","link":"https:\/\/alpeor.com\/fr\/product\/floral-skin-toner\/","title":{"rendered":"Tonique aux Fleurs"},"content":{"rendered":"<p>Le Tonique aux Fleurs est une \u00e9tape essentielle de votre rituel de beaut\u00e9. Sa texture soyeuse \u201cserum-like\u201d hydrate et revitalise l\u2019\u00e9piderme offrant une sensation de confort in\u00e9dite. Gr\u00e2ce \u00e0 son c\u0153ur de plantes bienfaisantes, la peau profite de l'eau de Verveine qui apporte douceur et confort. V\u00e9ritable voile apaisant, en un instant la peau est douce  et revivifi\u00e9e.<\/p>","protected":false},"excerpt":{"rendered":"<p>Le Tonique aux Fleurs est une \u00e9tape essentielle de votre rituel de beaut\u00e9. Sa texture soyeuse \u201cserum-like\u201d hydrate et revitalise l\u2019\u00e9piderme offrant une sensation de confort in\u00e9dite. Gr\u00e2ce \u00e0 son c\u0153ur de plantes bienfaisantes, la peau profite de l'eau de Verveine qui apporte douceur et confort. V\u00e9ritable voile apaisant, en un instant la peau est douce  et revivifi\u00e9e.<\/p>","protected":false},"featured_media":45767,"template":"","meta":{"_acf_changed":false,"_et_pb_use_builder":"","_et_pb_old_content":"","_et_gb_content_width":""},"product_brand":[],"product_cat":[60,40,46,49,54],"product_tag":[],"class_list":{"0":"post-32806","1":"product","2":"type-product","3":"status-publish","4":"has-post-thumbnail","6":"product_cat-collections","7":"product_cat-hydraswiss","8":"product_cat-hydrating","9":"product_cat-prepare","10":"product_cat-sensitive-skin","12":"first","13":"instock","14":"shipping-taxable","15":"purchasable","16":"product-type-simple"},"acf":[],"_links":{"self":[{"href":"https:\/\/alpeor.com\/fr\/wp-json\/wp\/v2\/product\/32806","targetHints":{"allow":["GET"]}}],"collection":[{"href":"https:\/\/alpeor.com\/fr\/wp-json\/wp\/v2\/product"}],"about":[{"href":"https:\/\/alpeor.com\/fr\/wp-json\/wp\/v2\/types\/product"}],"wp:featuredmedia":[{"embeddable":true,"href":"https:\/\/alpeor.com\/fr\/wp-json\/wp\/v2\/media\/45767"}],"wp:attachment":[{"href":"https:\/\/alpeor.com\/fr\/wp-json\/wp\/v2\/media?parent=32806"}],"wp:term":[{"taxonomy":"product_brand","embeddable":true,"href":"https:\/\/alpeor.com\/fr\/wp-json\/wp\/v2\/product_brand?post=32806"},{"taxonomy":"product_cat","embeddable":true,"href":"https:\/\/alpeor.com\/fr\/wp-json\/wp\/v2\/product_cat?post=32806"},{"taxonomy":"product_tag","embeddable":true,"href":"https:\/\/alpeor.com\/fr\/wp-json\/wp\/v2\/product_tag?post=32806"}],"curies":[{"name":"wp","href":"https:\/\/api.w.org\/{rel}","templated":true}]}}