{"id":31969,"date":"2025-04-02T14:56:32","date_gmt":"2025-04-02T14:56:32","guid":{"rendered":"https:\/\/alpeor.com\/?page_id=31969"},"modified":"2025-06-04T13:13:33","modified_gmt":"2025-06-04T13:13:33","slug":"the-journal","status":"publish","type":"page","link":"https:\/\/alpeor.com\/fr\/the-journal\/","title":{"rendered":"Journal"},"content":{"rendered":"<p>[et_pb_section fb_built=&#8221;1&#8243; custom_padding_last_edited=&#8221;off|desktop&#8221; _builder_version=&#8221;4.27.4&#8243; _module_preset=&#8221;default&#8221; background_color=&#8221;#FFFFFF&#8221; custom_margin=&#8221;80px||||false|false&#8221; custom_margin_tablet=&#8221;60px||||false|false&#8221; custom_margin_phone=&#8221;30px||||false|false&#8221; custom_margin_last_edited=&#8221;on|tablet&#8221; custom_padding=&#8221;0px||0px||false|false&#8221; custom_padding_tablet=&#8221;40px||40px||true|false&#8221; custom_padding_phone=&#8221;0px||40px||false|false&#8221; custom_css_main_element=&#8221;z-index: 0;&#8221; global_colors_info=&#8221;{}&#8221;][et_pb_row custom_padding_last_edited=&#8221;off|desktop&#8221; _builder_version=&#8221;4.27.4&#8243; _module_preset=&#8221;default&#8221; width=&#8221;70%&#8221; width_tablet=&#8221;70%&#8221; width_phone=&#8221;75%&#8221; width_last_edited=&#8221;on|phone&#8221; custom_padding=&#8221;||||false|false&#8221; custom_padding_tablet=&#8221;|||5%|false|false&#8221; custom_padding_phone=&#8221;|||5%|false|false&#8221; global_colors_info=&#8221;{}&#8221;][et_pb_column type=&#8221;4_4&#8243; _builder_version=&#8221;4.27.4&#8243; _module_preset=&#8221;default&#8221; global_colors_info=&#8221;{}&#8221;][et_pb_text module_class=&#8221;section-title-alpeor&#8221; _builder_version=&#8221;4.27.4&#8243; _module_preset=&#8221;default&#8221; text_font=&#8221;Freight Disp Pro Italic||||||||&#8221; text_font_size=&#8221;24px&#8221; header_font_size=&#8221;65px&#8221; header_letter_spacing=&#8221;1px&#8221; header_2_font_size=&#8221;80px&#8221; header_2_letter_spacing=&#8221;1px&#8221; custom_margin=&#8221;||10px||false|false&#8221; header_font_size_tablet=&#8221;50px&#8221; header_font_size_phone=&#8221;40px&#8221; header_font_size_last_edited=&#8221;on|phone&#8221; header_2_font_size_tablet=&#8221;60px&#8221; header_2_font_size_phone=&#8221;45px&#8221; header_2_font_size_last_edited=&#8221;on|phone&#8221; global_colors_info=&#8221;{}&#8221; title_font_size_tablet=&#8221;50px&#8221; title_font_size_phone=&#8221;40px&#8221; title_font_size_last_edited=&#8221;on|phone&#8221;]<\/p>\n<h1>The Journal<\/h1>\n<p>[\/et_pb_text][et_pb_text module_class=&#8221;description-alpeor&#8221; _builder_version=&#8221;4.27.4&#8243; _module_preset=&#8221;default&#8221; text_font=&#8221;Freight Disp Pro Italic||||||||&#8221; text_font_size=&#8221;24px&#8221; text_letter_spacing=&#8221;1px&#8221; text_line_height=&#8221;1.4em&#8221; header_2_font_size=&#8221;80px&#8221; max_width=&#8221;700px&#8221; global_colors_info=&#8221;{}&#8221;]Discover the essence of Alpine beauty through our curated articles, expert tips, and wellness inspirations. From skincare rituals rooted in Swiss nature to the latest in beauty science, The Journal is your destination for holistic beauty insights. Let yourself be guided by the purity of the Alps and the innovation of Alpeor.[\/et_pb_text][\/et_pb_column][\/et_pb_row][et_pb_row custom_padding_last_edited=&#8221;off|desktop&#8221; _builder_version=&#8221;4.27.4&#8243; _module_preset=&#8221;default&#8221; width=&#8221;70%&#8221; width_tablet=&#8221;70%&#8221; width_phone=&#8221;75%&#8221; width_last_edited=&#8221;on|phone&#8221; custom_margin=&#8221;||100px||false|false&#8221; custom_padding=&#8221;||||false|false&#8221; custom_padding_tablet=&#8221;|||5%|false|false&#8221; custom_padding_phone=&#8221;|||5%|false|false&#8221; global_colors_info=&#8221;{}&#8221;][et_pb_column type=&#8221;4_4&#8243; _builder_version=&#8221;4.27.4&#8243; _module_preset=&#8221;default&#8221; global_colors_info=&#8221;{}&#8221;][et_pb_blog fullwidth=&#8221;off&#8221; posts_number=&#8221;12&#8243; show_author=&#8221;off&#8221; show_date=&#8221;off&#8221; show_categories=&#8221;off&#8221; show_excerpt=&#8221;off&#8221; module_class=&#8221;et_blog_grid_equal_height&#8221; _builder_version=&#8221;4.27.4&#8243; _module_preset=&#8221;default&#8221; header_text_align=&#8221;center&#8221; header_text_color=&#8221;#195852&#8243; header_font_size=&#8221;30px&#8221; read_more_text_color=&#8221;#000000&#8243; pagination_font_size=&#8221;20px&#8221; border_width_all=&#8221;0px&#8221; global_colors_info=&#8221;{}&#8221;][\/et_pb_blog][\/et_pb_column][\/et_pb_row][\/et_pb_section]<\/p>\n","protected":false},"excerpt":{"rendered":"<p>D\u00e9couvrez l\u2019essence de la beaut\u00e9 Alpeor avec une s\u00e9lection d\u2019articles contenant nos conseils experts et nos inspirations cosm\u00e9tiques. Des rituels de soins \u00e9labor\u00e9s avec les meilleurs actifs issus de la nature suisse aux derni\u00e8res avanc\u00e9es de la science cosm\u00e9tique, Le Journal est la r\u00e9f\u00e9rence pour une approche holistique des soins de la peau. Laissez-vous inspirer par nos actus beaut\u00e9.<\/p>","protected":false},"author":1,"featured_media":0,"parent":0,"menu_order":0,"comment_status":"closed","ping_status":"closed","template":"","meta":{"_acf_changed":false,"_et_pb_use_builder":"on","_et_pb_old_content":"","_et_gb_content_width":"","footnotes":""},"class_list":["post-31969","page","type-page","status-publish","hentry"],"acf":[],"_links":{"self":[{"href":"https:\/\/alpeor.com\/fr\/wp-json\/wp\/v2\/pages\/31969","targetHints":{"allow":["GET"]}}],"collection":[{"href":"https:\/\/alpeor.com\/fr\/wp-json\/wp\/v2\/pages"}],"about":[{"href":"https:\/\/alpeor.com\/fr\/wp-json\/wp\/v2\/types\/page"}],"author":[{"embeddable":true,"href":"https:\/\/alpeor.com\/fr\/wp-json\/wp\/v2\/users\/1"}],"replies":[{"embeddable":true,"href":"https:\/\/alpeor.com\/fr\/wp-json\/wp\/v2\/comments?post=31969"}],"version-history":[{"count":14,"href":"https:\/\/alpeor.com\/fr\/wp-json\/wp\/v2\/pages\/31969\/revisions"}],"predecessor-version":[{"id":32067,"href":"https:\/\/alpeor.com\/fr\/wp-json\/wp\/v2\/pages\/31969\/revisions\/32067"}],"wp:attachment":[{"href":"https:\/\/alpeor.com\/fr\/wp-json\/wp\/v2\/media?parent=31969"}],"curies":[{"name":"wp","href":"https:\/\/api.w.org\/{rel}","templated":true}]}}