{"id":45813,"date":"2025-09-26T10:02:55","date_gmt":"2025-09-26T10:02:55","guid":{"rendered":"https:\/\/alpeor.com\/?post_type=product&#038;p=45813"},"modified":"2026-04-02T08:29:27","modified_gmt":"2026-04-02T08:29:27","slug":"eye-patch","status":"publish","type":"product","link":"https:\/\/alpeor.com\/de\/product\/eye-patch\/","title":{"rendered":"Eye Patch"},"content":{"rendered":"<p>Diese hauchzarte Vliesmaske verbindet Biotechnologie mit bioaktiven pflanzlichen Wirkstoffen und bietet konzentrierte Pflege f\u00fcr die Augenpartie. Sobald die Membran mit Serum getr\u00e4nkt und somit aktiviert ist, schleust sie ihre kraftvollen Wirkstoffe tief in die Haut ein. Hochdosierte Hyalurons\u00e4ure verleiht der Haut intensive Feuchtigkeit und Geschmeidigkeit. Die Zellerneuerung wird stimuliert, Falten erscheinen gegl\u00e4ttet und die Hauttextur wird optisch verbessert.<\/p>","protected":false},"excerpt":{"rendered":"<p>Diese hauchzarte Vliesmaske verbindet Biotechnologie mit bioaktiven pflanzlichen Wirkstoffen und bietet konzentrierte Pflege f\u00fcr die Augenpartie. Sobald die Membran mit Serum getr\u00e4nkt und somit aktiviert ist, schleust sie ihre kraftvollen Wirkstoffe tief in die Haut ein. Hochdosierte Hyalurons\u00e4ure verleiht der Haut intensive Feuchtigkeit und Geschmeidigkeit. Die Zellerneuerung wird stimuliert, Falten erscheinen gegl\u00e4ttet und die Hauttextur wird optisch verbessert.<\/p>","protected":false},"featured_media":45957,"template":"","meta":{"_acf_changed":false,"_et_pb_use_builder":"","_et_pb_old_content":"","_et_gb_content_width":""},"product_brand":[],"product_cat":[60,43,53,56,45,59,50,54],"product_tag":[],"class_list":{"0":"post-45813","1":"product","2":"type-product","3":"status-publish","4":"has-post-thumbnail","6":"product_cat-collections","7":"product_cat-anti-aging","8":"product_cat-anti-aging-concerns","9":"product_cat-dry-dehydrated-skin","10":"product_cat-eye","11":"product_cat-horizon","12":"product_cat-masks-peels","13":"product_cat-sensitive-skin","15":"first","16":"instock","17":"shipping-taxable","18":"purchasable","19":"product-type-simple"},"acf":[],"_links":{"self":[{"href":"https:\/\/alpeor.com\/de\/wp-json\/wp\/v2\/product\/45813","targetHints":{"allow":["GET"]}}],"collection":[{"href":"https:\/\/alpeor.com\/de\/wp-json\/wp\/v2\/product"}],"about":[{"href":"https:\/\/alpeor.com\/de\/wp-json\/wp\/v2\/types\/product"}],"wp:featuredmedia":[{"embeddable":true,"href":"https:\/\/alpeor.com\/de\/wp-json\/wp\/v2\/media\/45957"}],"wp:attachment":[{"href":"https:\/\/alpeor.com\/de\/wp-json\/wp\/v2\/media?parent=45813"}],"wp:term":[{"taxonomy":"product_brand","embeddable":true,"href":"https:\/\/alpeor.com\/de\/wp-json\/wp\/v2\/product_brand?post=45813"},{"taxonomy":"product_cat","embeddable":true,"href":"https:\/\/alpeor.com\/de\/wp-json\/wp\/v2\/product_cat?post=45813"},{"taxonomy":"product_tag","embeddable":true,"href":"https:\/\/alpeor.com\/de\/wp-json\/wp\/v2\/product_tag?post=45813"}],"curies":[{"name":"wp","href":"https:\/\/api.w.org\/{rel}","templated":true}]}}