{"id":45808,"date":"2025-09-26T09:02:34","date_gmt":"2025-09-26T09:02:34","guid":{"rendered":"https:\/\/alpeor.com\/?post_type=product&#038;p=45808"},"modified":"2026-04-02T08:21:06","modified_gmt":"2026-04-02T08:21:06","slug":"youth-activator-mask","status":"publish","type":"product","link":"https:\/\/alpeor.com\/de\/product\/youth-activator-mask\/","title":{"rendered":"Youth Activator Mask"},"content":{"rendered":"<p>Die feine Membran dieser Maske schmiegt sich wie eine zweite Haut den Gesichtskonturen an, sodass die Wirkstoffe optimal aufgenommen werden k\u00f6nnen. Die Kombination aus Pflanzenextrakten tr\u00e4gt dazu bei, die extrazellul\u00e4re Matrix der Haut zu regenerieren, und setzt nach und nach Oligosaccharide frei. Dadurch wird die Kollagenproduktion angeregt, und Falten werden sichtbar gegl\u00e4ttet. Die Wirkstoffe verschmelzen so mit der Haut und reaktivieren wichtige Mechanismen f\u00fcr ein verj\u00fcngtes Hautbild. In Minutenschnelle erscheint die Haut gegl\u00e4ttet, aufgepolstert und gefestigt. Diese Maske spendet umfassende Feuchtigkeit, regt die Kollagenproduktion an, gl\u00e4ttet Falten und F\u00e4ltchen und verbessert gleichzeitig die Hautstruktur. Der Teint wird belebt und strahlt jugendlich frisch.<\/p>","protected":false},"excerpt":{"rendered":"<p>This mask is a thin membrane designed to hug your facial contours perfectly, like a second skin, to ensure optimal delivery of the formula\u2019s active ingredients. The combination of botanical extracts helps regenerate the skin\u2019s extracellular matrix and gradually releases oligosaccharides, stimulating collagen production and visibly smoothing wrinkles. Key skin-rejuvenation mechanisms are revived as the [&hellip;]<\/p>\n","protected":false},"featured_media":45958,"template":"","meta":{"_acf_changed":false,"_et_pb_use_builder":"","_et_pb_old_content":"","_et_gb_content_width":""},"product_brand":[],"product_cat":[60,43,53,56,59,54],"product_tag":[],"class_list":{"0":"post-45808","1":"product","2":"type-product","3":"status-publish","4":"has-post-thumbnail","6":"product_cat-collections","7":"product_cat-anti-aging","8":"product_cat-anti-aging-concerns","9":"product_cat-dry-dehydrated-skin","10":"product_cat-horizon","11":"product_cat-sensitive-skin","13":"first","14":"instock","15":"shipping-taxable","16":"purchasable","17":"product-type-simple"},"acf":[],"_links":{"self":[{"href":"https:\/\/alpeor.com\/de\/wp-json\/wp\/v2\/product\/45808","targetHints":{"allow":["GET"]}}],"collection":[{"href":"https:\/\/alpeor.com\/de\/wp-json\/wp\/v2\/product"}],"about":[{"href":"https:\/\/alpeor.com\/de\/wp-json\/wp\/v2\/types\/product"}],"wp:featuredmedia":[{"embeddable":true,"href":"https:\/\/alpeor.com\/de\/wp-json\/wp\/v2\/media\/45958"}],"wp:attachment":[{"href":"https:\/\/alpeor.com\/de\/wp-json\/wp\/v2\/media?parent=45808"}],"wp:term":[{"taxonomy":"product_brand","embeddable":true,"href":"https:\/\/alpeor.com\/de\/wp-json\/wp\/v2\/product_brand?post=45808"},{"taxonomy":"product_cat","embeddable":true,"href":"https:\/\/alpeor.com\/de\/wp-json\/wp\/v2\/product_cat?post=45808"},{"taxonomy":"product_tag","embeddable":true,"href":"https:\/\/alpeor.com\/de\/wp-json\/wp\/v2\/product_tag?post=45808"}],"curies":[{"name":"wp","href":"https:\/\/api.w.org\/{rel}","templated":true}]}}