{"id":32877,"date":"2025-04-22T09:58:29","date_gmt":"2025-04-22T09:58:29","guid":{"rendered":"https:\/\/alpeor.com\/?post_type=product&#038;p=32877"},"modified":"2025-09-24T11:01:10","modified_gmt":"2025-09-24T11:01:10","slug":"body-cream","status":"publish","type":"product","link":"https:\/\/alpeor.com\/de\/product\/body-cream\/","title":{"rendered":"Body Cream"},"content":{"rendered":"<p>Angereichert mit pflanzlichen Aktivstoffen \u2013 Parakresse und Buddleja davidii (Sommerflieder) \u2013, verbessert Body Cream die Festigkeit und Dichte der Haut und sch\u00fctzt zugleich vor vorzeitigen Zeichen der Hautalterung. Die leichte, seidige Textur schmilzt sofort auf der Haut und h\u00fcllt sie in ein zartes Pflegegef\u00fchl.<br \/>\nSchon bei der ersten Anwendung ist ein Straffungseffekt sp\u00fcrbar, die Haut wird mit Feuchtigkeit versorgt und das Hautgef\u00fchl ist wieder angenehm geschmeidig. Tag f\u00fcr Tag gewinnt die Haut an Elastizit\u00e4t und Festigkeit \u2013 f\u00fcr eine straffere Silhouette.<\/p>","protected":false},"excerpt":{"rendered":"<p>The Body Cream is enriched with the botanical active ingredients Paracress and Buddleja Davidii to restore skin\u2019s density and firmness while protecting it from premature signs of aging. Its light, silky texture instantly melts into the skin, enveloping it in softness. From the first application, the tensing effect is instant, skin is hydrated and regains [&hellip;]<\/p>\n","protected":false},"featured_media":45764,"template":"","meta":{"_acf_changed":false,"_et_pb_use_builder":"","_et_pb_old_content":"","_et_gb_content_width":""},"product_brand":[],"product_cat":[60,51,61,56,46],"product_tag":[],"class_list":{"0":"post-32877","1":"product","2":"type-product","3":"status-publish","4":"has-post-thumbnail","6":"product_cat-collections","7":"product_cat-body","8":"product_cat-alpeor-body","9":"product_cat-dry-dehydrated-skin","10":"product_cat-hydrating","12":"first","13":"instock","14":"shipping-taxable","15":"purchasable","16":"product-type-simple"},"acf":[],"_links":{"self":[{"href":"https:\/\/alpeor.com\/de\/wp-json\/wp\/v2\/product\/32877","targetHints":{"allow":["GET"]}}],"collection":[{"href":"https:\/\/alpeor.com\/de\/wp-json\/wp\/v2\/product"}],"about":[{"href":"https:\/\/alpeor.com\/de\/wp-json\/wp\/v2\/types\/product"}],"wp:featuredmedia":[{"embeddable":true,"href":"https:\/\/alpeor.com\/de\/wp-json\/wp\/v2\/media\/45764"}],"wp:attachment":[{"href":"https:\/\/alpeor.com\/de\/wp-json\/wp\/v2\/media?parent=32877"}],"wp:term":[{"taxonomy":"product_brand","embeddable":true,"href":"https:\/\/alpeor.com\/de\/wp-json\/wp\/v2\/product_brand?post=32877"},{"taxonomy":"product_cat","embeddable":true,"href":"https:\/\/alpeor.com\/de\/wp-json\/wp\/v2\/product_cat?post=32877"},{"taxonomy":"product_tag","embeddable":true,"href":"https:\/\/alpeor.com\/de\/wp-json\/wp\/v2\/product_tag?post=32877"}],"curies":[{"name":"wp","href":"https:\/\/api.w.org\/{rel}","templated":true}]}}