{"id":32872,"date":"2025-04-22T08:01:29","date_gmt":"2025-04-22T08:01:29","guid":{"rendered":"https:\/\/alpeor.com\/?post_type=product&#038;p=32872"},"modified":"2025-09-24T11:01:29","modified_gmt":"2025-09-24T11:01:29","slug":"body-peeling","status":"publish","type":"product","link":"https:\/\/alpeor.com\/de\/product\/body-peeling\/","title":{"rendered":"Body Peeling"},"content":{"rendered":"<p>Diese sanft exfolierende Pflege enth\u00e4lt keine Schleifk\u00f6rper. Sie exfoliert und gl\u00e4ttet die Haut Tag f\u00fcr Tag dank einer kraftvollen Kombination aus AHA (Glykols\u00e4ure) und BHA (Salicyls\u00e4ure), die abgestorbene Zellen in wenigen Minuten effektiv entfernt und gleichzeitig die Zellerneuerung f\u00f6rdert.<br \/>\nIntensiv hydratisierende Hyalurons\u00e4ure sorgt in Kombination mit Edelweissextrakt, einem nat\u00fcrlichen Antioxidans, f\u00fcr nachhaltigen Schutz und wirkt effektiv gegen sichtbare Alterszeichen.<\/p>","protected":false},"excerpt":{"rendered":"<p>This micro-exfoliating scrub has a grain and bead-free formula. It exfoliates and smooths skin daily with a powerful AHA\/BHA combination (glycolic and salicylic acid) which effectively eliminates dead skin cells in just a few minutes while promoting cellular renewal. Deeply hydrating hyaluronic acid is combined with Edelweiss extract, a natural antioxidant, to offer lasting protection [&hellip;]<\/p>\n","protected":false},"featured_media":45763,"template":"","meta":{"_acf_changed":false,"_et_pb_use_builder":"","_et_pb_old_content":"","_et_gb_content_width":""},"product_brand":[],"product_cat":[60,51,61,50],"product_tag":[],"class_list":{"0":"post-32872","1":"product","2":"type-product","3":"status-publish","4":"has-post-thumbnail","6":"product_cat-collections","7":"product_cat-body","8":"product_cat-alpeor-body","9":"product_cat-masks-peels","11":"first","12":"instock","13":"shipping-taxable","14":"purchasable","15":"product-type-simple"},"acf":[],"_links":{"self":[{"href":"https:\/\/alpeor.com\/de\/wp-json\/wp\/v2\/product\/32872","targetHints":{"allow":["GET"]}}],"collection":[{"href":"https:\/\/alpeor.com\/de\/wp-json\/wp\/v2\/product"}],"about":[{"href":"https:\/\/alpeor.com\/de\/wp-json\/wp\/v2\/types\/product"}],"wp:featuredmedia":[{"embeddable":true,"href":"https:\/\/alpeor.com\/de\/wp-json\/wp\/v2\/media\/45763"}],"wp:attachment":[{"href":"https:\/\/alpeor.com\/de\/wp-json\/wp\/v2\/media?parent=32872"}],"wp:term":[{"taxonomy":"product_brand","embeddable":true,"href":"https:\/\/alpeor.com\/de\/wp-json\/wp\/v2\/product_brand?post=32872"},{"taxonomy":"product_cat","embeddable":true,"href":"https:\/\/alpeor.com\/de\/wp-json\/wp\/v2\/product_cat?post=32872"},{"taxonomy":"product_tag","embeddable":true,"href":"https:\/\/alpeor.com\/de\/wp-json\/wp\/v2\/product_tag?post=32872"}],"curies":[{"name":"wp","href":"https:\/\/api.w.org\/{rel}","templated":true}]}}