{"id":32868,"date":"2025-04-22T08:22:58","date_gmt":"2025-04-22T08:22:58","guid":{"rendered":"https:\/\/alpeor.com\/?post_type=product&#038;p=32868"},"modified":"2026-04-30T06:29:38","modified_gmt":"2026-04-30T06:29:38","slug":"ultitude-cream","status":"publish","type":"product","link":"https:\/\/alpeor.com\/de\/product\/ultitude-cream\/","title":{"rendered":"Ultitude Cream"},"content":{"rendered":"<p>Ultitude Cream ist eine wahre straffende Pflege. Sie wirkt den Zeichen der Hautalterung entgegen und bietet eine umfassende Anti-Aging-Wirkung. Die Synergie aus Iris- und Pistacia lentiscus hat einen Botox-\u00e4hnlichen Effekt. Sie baut verlorenes Volumen wieder auf und strafft die Gesichtskonturen. A\u00e7a\u00ed-\u00d6l schenkt Vitalit\u00e4t und Geschmeidigkeit \u2013 f\u00fcr ein unvergleichlich zartes Hautgef\u00fchl. Die Haut wirkt praller, feine Linien und Falten erscheinen gemildert.<\/p>","protected":false},"excerpt":{"rendered":"<p>Ultitude Cream is a veritable firming treatment, it combats signs of skin aging and offers an overall anti-aging action. The combination of Iris and Pistacia lentiscus, acts like botanical botox, restoring a loss of volume and sculpting the outline of your face. A\u00e7a\u00ef oil adds vitality and suppleness for unequalled softness. Skin is plumped and [&hellip;]<\/p>\n","protected":false},"featured_media":45762,"template":"","meta":{"_acf_changed":false,"_et_pb_use_builder":"","_et_pb_old_content":"","_et_gb_content_width":""},"product_brand":[],"product_cat":[60,43,53,39,48,56,38],"product_tag":[],"class_list":{"0":"post-32868","1":"product","2":"type-product","3":"status-publish","4":"has-post-thumbnail","6":"product_cat-collections","7":"product_cat-anti-aging","8":"product_cat-anti-aging-concerns","9":"product_cat-bestsellers","10":"product_cat-brightening","11":"product_cat-dry-dehydrated-skin","12":"product_cat-ultitude","14":"first","15":"instock","16":"shipping-taxable","17":"purchasable","18":"product-type-simple"},"acf":[],"_links":{"self":[{"href":"https:\/\/alpeor.com\/de\/wp-json\/wp\/v2\/product\/32868","targetHints":{"allow":["GET"]}}],"collection":[{"href":"https:\/\/alpeor.com\/de\/wp-json\/wp\/v2\/product"}],"about":[{"href":"https:\/\/alpeor.com\/de\/wp-json\/wp\/v2\/types\/product"}],"wp:featuredmedia":[{"embeddable":true,"href":"https:\/\/alpeor.com\/de\/wp-json\/wp\/v2\/media\/45762"}],"wp:attachment":[{"href":"https:\/\/alpeor.com\/de\/wp-json\/wp\/v2\/media?parent=32868"}],"wp:term":[{"taxonomy":"product_brand","embeddable":true,"href":"https:\/\/alpeor.com\/de\/wp-json\/wp\/v2\/product_brand?post=32868"},{"taxonomy":"product_cat","embeddable":true,"href":"https:\/\/alpeor.com\/de\/wp-json\/wp\/v2\/product_cat?post=32868"},{"taxonomy":"product_tag","embeddable":true,"href":"https:\/\/alpeor.com\/de\/wp-json\/wp\/v2\/product_tag?post=32868"}],"curies":[{"name":"wp","href":"https:\/\/api.w.org\/{rel}","templated":true}]}}