{"id":32863,"date":"2025-04-22T10:02:05","date_gmt":"2025-04-22T10:02:05","guid":{"rendered":"https:\/\/alpeor.com\/?post_type=product&#038;p=32863"},"modified":"2026-04-29T15:54:44","modified_gmt":"2026-04-29T15:54:44","slug":"ultitude-eye-cream","status":"publish","type":"product","link":"https:\/\/alpeor.com\/de\/product\/ultitude-eye-cream\/","title":{"rendered":"Ultitude Eye Care"},"content":{"rendered":"<p>Ultitude Eye Care wurde speziell entwickelt, um die Zeichen der Zeit in der Augenpartie zu korrigieren. Die Formel enth\u00e4lt eine kraftvolle Kombination aus Narzissen- und Irisextrakten f\u00fcr sichtbar gemilderte Falten sowie Hyalurons\u00e4ure mit hohem Molekulargewicht zum Gl\u00e4tten und Auff\u00fcllen von Alterszeichen. Ein Alpenrosenextrakt rundet diese leistungsstarke Pflege ab und wirkt wie ein Schutzschild gegen vorzeitige Zellalterung.<br \/>\nDie cremige Textur zieht schnell in die Oberhaut ein. Die Lider erscheinen angehoben, feine Linien und Falten gegl\u00e4ttet, die gesamte Augenpartie wirkt sichtbar j\u00fcnger \u2013 in einem Schritt.<\/p>","protected":false},"excerpt":{"rendered":"<p>Ultitude Eye Care has been specifically designed to turn back the effects of time on the eye contour area. At the heart of its formula is a powerful combination of Narcissus and Iris extracts to visibly reduce wrinkles, and high molecular weight Hyaluronic Acid to smooth and combat signs of aging. Alpine rose extract completes [&hellip;]<\/p>\n","protected":false},"featured_media":45761,"template":"","meta":{"_acf_changed":false,"_et_pb_use_builder":"off","_et_pb_old_content":"Ultitude Eye Cream has been specifically designed to turn back the effects of time on the eye contour area. At the heart of its formula is a powerful combination of Narcissus and Iris extracts to visibly reduce wrinkles, and high molecular weight Hyaluronic Acid to smooth and combat signs of aging. Alpine Rose extract completes this high performance cream, acting as a shield against premature cellular aging.\r\nIts creamy texture quickly penetrates the epidermis. In a single gesture, eyelids are lifted and wrinkles and fine lines are smoothed for a visibly younger looking appearance.","_et_gb_content_width":""},"product_brand":[],"product_cat":[60,43,53,39,45,38],"product_tag":[],"class_list":{"0":"post-32863","1":"product","2":"type-product","3":"status-publish","4":"has-post-thumbnail","6":"product_cat-collections","7":"product_cat-anti-aging","8":"product_cat-anti-aging-concerns","9":"product_cat-bestsellers","10":"product_cat-eye","11":"product_cat-ultitude","13":"first","14":"instock","15":"shipping-taxable","16":"purchasable","17":"product-type-simple"},"acf":[],"_links":{"self":[{"href":"https:\/\/alpeor.com\/de\/wp-json\/wp\/v2\/product\/32863","targetHints":{"allow":["GET"]}}],"collection":[{"href":"https:\/\/alpeor.com\/de\/wp-json\/wp\/v2\/product"}],"about":[{"href":"https:\/\/alpeor.com\/de\/wp-json\/wp\/v2\/types\/product"}],"wp:featuredmedia":[{"embeddable":true,"href":"https:\/\/alpeor.com\/de\/wp-json\/wp\/v2\/media\/45761"}],"wp:attachment":[{"href":"https:\/\/alpeor.com\/de\/wp-json\/wp\/v2\/media?parent=32863"}],"wp:term":[{"taxonomy":"product_brand","embeddable":true,"href":"https:\/\/alpeor.com\/de\/wp-json\/wp\/v2\/product_brand?post=32863"},{"taxonomy":"product_cat","embeddable":true,"href":"https:\/\/alpeor.com\/de\/wp-json\/wp\/v2\/product_cat?post=32863"},{"taxonomy":"product_tag","embeddable":true,"href":"https:\/\/alpeor.com\/de\/wp-json\/wp\/v2\/product_tag?post=32863"}],"curies":[{"name":"wp","href":"https:\/\/api.w.org\/{rel}","templated":true}]}}