{"id":32859,"date":"2025-04-22T12:23:14","date_gmt":"2025-04-22T12:23:14","guid":{"rendered":"https:\/\/alpeor.com\/?post_type=product&#038;p=32859"},"modified":"2025-09-24T10:59:44","modified_gmt":"2025-09-24T10:59:44","slug":"ultitude-serum","status":"publish","type":"product","link":"https:\/\/alpeor.com\/de\/product\/ultitude-serum\/","title":{"rendered":"Ultitude Serum"},"content":{"rendered":"<p>Mit seiner innovativen Formel redefiniert S\u00e9rum Ultitude die Gesichtskonturen und l\u00e4sst die Gesichtsz\u00fcge wie geliftet erscheinen. Die exklusive Kombination aus Iris und Narzisse bek\u00e4mpft gezielt Volumenverlust und sorgt f\u00fcr einen sofortigen Straffungseffekt und gesteigerte Elastizit\u00e4t. Polysaccharide aus Hafer haben einen sichtbaren aufpolsternden Effekt. Das Hautbild wirkt glatter und jugendlicher.<\/p>","protected":false},"excerpt":{"rendered":"<p>Mit seiner innovativen Formel redefiniert S\u00e9rum Ultitude die Gesichtskonturen und l\u00e4sst die Gesichtsz\u00fcge wie geliftet erscheinen. Die exklusive Kombination aus Iris und Narzisse bek\u00e4mpft gezielt Volumenverlust und sorgt f\u00fcr einen sofortigen Straffungseffekt und gesteigerte Elastizit\u00e4t. Polysaccharide aus Hafer haben einen sichtbaren aufpolsternden Effekt. Das Hautbild wirkt glatter und jugendlicher.<\/p>","protected":false},"featured_media":45760,"template":"","meta":{"_acf_changed":false,"_et_pb_use_builder":"off","_et_pb_old_content":"With its innovative formula, Ultitude Serum sculpts your face and lifts your features. The exclusive combination of Iris and Narcissus extracts targets loss of volume for an instant tensing effecting, improving elasticity. Oat polysaccharides have a plumping effect for visible results. Your skin is smoothed and younger looking.","_et_gb_content_width":""},"product_brand":[],"product_cat":[60,43,53,39,56,44,38],"product_tag":[],"class_list":{"0":"post-32859","1":"product","2":"type-product","3":"status-publish","4":"has-post-thumbnail","6":"product_cat-collections","7":"product_cat-anti-aging","8":"product_cat-anti-aging-concerns","9":"product_cat-bestsellers","10":"product_cat-dry-dehydrated-skin","11":"product_cat-serums-essence","12":"product_cat-ultitude","14":"first","15":"instock","16":"shipping-taxable","17":"purchasable","18":"product-type-simple"},"acf":[],"_links":{"self":[{"href":"https:\/\/alpeor.com\/de\/wp-json\/wp\/v2\/product\/32859","targetHints":{"allow":["GET"]}}],"collection":[{"href":"https:\/\/alpeor.com\/de\/wp-json\/wp\/v2\/product"}],"about":[{"href":"https:\/\/alpeor.com\/de\/wp-json\/wp\/v2\/types\/product"}],"wp:featuredmedia":[{"embeddable":true,"href":"https:\/\/alpeor.com\/de\/wp-json\/wp\/v2\/media\/45760"}],"wp:attachment":[{"href":"https:\/\/alpeor.com\/de\/wp-json\/wp\/v2\/media?parent=32859"}],"wp:term":[{"taxonomy":"product_brand","embeddable":true,"href":"https:\/\/alpeor.com\/de\/wp-json\/wp\/v2\/product_brand?post=32859"},{"taxonomy":"product_cat","embeddable":true,"href":"https:\/\/alpeor.com\/de\/wp-json\/wp\/v2\/product_cat?post=32859"},{"taxonomy":"product_tag","embeddable":true,"href":"https:\/\/alpeor.com\/de\/wp-json\/wp\/v2\/product_tag?post=32859"}],"curies":[{"name":"wp","href":"https:\/\/api.w.org\/{rel}","templated":true}]}}