{"id":32858,"date":"2025-04-17T07:13:09","date_gmt":"2025-04-17T07:13:09","guid":{"rendered":"https:\/\/alpeor.com\/?post_type=product&#038;p=32858"},"modified":"2025-11-10T09:48:45","modified_gmt":"2025-11-10T09:48:45","slug":"ultitude-essence","status":"publish","type":"product","link":"https:\/\/alpeor.com\/de\/product\/ultitude-essence\/","title":{"rendered":"Facial Essence"},"content":{"rendered":"<p class=\" translation-block\">Fruchts\u00e4uren wirken keratolytisch: Sie exfolieren die Haut und regen die Zellerneuerung an. Die mit AHA-, BHA- und PHA-Komplexen angereicherte Formel dieser Essenz ist so fl\u00fcssig wie Wasser, aber auch so konzentriert wie ein Serum. Das Hautbild wird gegl\u00e4ttet, die Zellerneuerung angeregt, Pigmentflecken erscheinen sichtbar gemildert, die nat\u00fcrliche Sch\u00f6nheit des Teints kommt zum Vorschein \u2013 Tag f\u00fcr Tag. \nVon abgestorbenen Hautzellen befreit, ist die Haut bereit f\u00fcr die weiteren Pflegeprodukte dieser Serie.<\/p>","protected":false},"excerpt":{"rendered":"<p>Fruit acids are powerful keratolytic agents that offer gentle exfoliation while boosting cellular renewal. This formula, enriched with AHA\/BHA\/PHA complexes, is as fluid as water but as concentrated as a serum. Day after day, your complexion is soothed, cellular renewal is stimulated and dark spots visibly fade to reveal your skin\u2019s natural beauty. Once dead [&hellip;]<\/p>\n","protected":false},"featured_media":45759,"template":"","meta":{"_acf_changed":false,"_et_pb_use_builder":"","_et_pb_old_content":"","_et_gb_content_width":""},"product_brand":[],"product_cat":[60,43,53,39,48,46,55,44,38],"product_tag":[],"class_list":{"0":"post-32858","1":"product","2":"type-product","3":"status-publish","4":"has-post-thumbnail","6":"product_cat-collections","7":"product_cat-anti-aging","8":"product_cat-anti-aging-concerns","9":"product_cat-bestsellers","10":"product_cat-brightening","11":"product_cat-hydrating","12":"product_cat-oily-skin","13":"product_cat-serums-essence","14":"product_cat-ultitude","16":"first","17":"instock","18":"shipping-taxable","19":"purchasable","20":"product-type-simple"},"acf":[],"_links":{"self":[{"href":"https:\/\/alpeor.com\/de\/wp-json\/wp\/v2\/product\/32858","targetHints":{"allow":["GET"]}}],"collection":[{"href":"https:\/\/alpeor.com\/de\/wp-json\/wp\/v2\/product"}],"about":[{"href":"https:\/\/alpeor.com\/de\/wp-json\/wp\/v2\/types\/product"}],"wp:featuredmedia":[{"embeddable":true,"href":"https:\/\/alpeor.com\/de\/wp-json\/wp\/v2\/media\/45759"}],"wp:attachment":[{"href":"https:\/\/alpeor.com\/de\/wp-json\/wp\/v2\/media?parent=32858"}],"wp:term":[{"taxonomy":"product_brand","embeddable":true,"href":"https:\/\/alpeor.com\/de\/wp-json\/wp\/v2\/product_brand?post=32858"},{"taxonomy":"product_cat","embeddable":true,"href":"https:\/\/alpeor.com\/de\/wp-json\/wp\/v2\/product_cat?post=32858"},{"taxonomy":"product_tag","embeddable":true,"href":"https:\/\/alpeor.com\/de\/wp-json\/wp\/v2\/product_tag?post=32858"}],"curies":[{"name":"wp","href":"https:\/\/api.w.org\/{rel}","templated":true}]}}