{"id":32849,"date":"2025-04-22T11:59:05","date_gmt":"2025-04-22T11:59:05","guid":{"rendered":"https:\/\/alpeor.com\/?post_type=product&#038;p=32849"},"modified":"2025-09-24T10:46:11","modified_gmt":"2025-09-24T10:46:11","slug":"jugend-enhancement-maske","status":"publish","type":"product","link":"https:\/\/alpeor.com\/de\/product\/youth-enhancement-mask\/","title":{"rendered":"Youth Enhancement Mask"},"content":{"rendered":"<p>Diese verw\u00f6hnende Gel-Creme-Maske bietet einen \"Sofort-Jugend-Effekt\". Sie wirkt sowohl auf epidermaler als auch auf dermaler Ebene mit Edelwei\u00df-Extrakt, angereichert mit Bl\u00fctenwasser - Kornblume, Hamamelis und Pfefferminze. Diese Maske beugt der Faltenbildung vor und verbessert die Geschmeidigkeit und den Tonus der Haut. Ihr Teint erstrahlt, F\u00e4ltchen werden gegl\u00e4ttet und die Haut wird weicher - f\u00fcr ein sichtbar jugendlicheres Aussehen.<\/p>","protected":false},"excerpt":{"rendered":"<p>This indulgent gel-cream mask offers an \u201cinstant youth\u201d effect. It acts both at an epidermal and dermal level with Edelweiss extract enriched with floral water &#8211; Cornflower, Witch Hazel and Peppermint. This mask prevents the appearance of wrinkles and acts to improve skin\u2019s suppleness and tone. Your complexion is luminous, lines are smoothed and skin [&hellip;]<\/p>\n","protected":false},"featured_media":45758,"template":"","meta":{"_acf_changed":false,"_seopress_robots_primary_cat":"60","_seopress_titles_title":"","_seopress_titles_desc":"","_seopress_robots_index":"","_seopress_analysis_target_kw":"","_et_pb_use_builder":"off","_et_pb_old_content":"This indulgent gel-cream mask offers an \u201cinstant youth\u201d effect. It acts both at an epidermal and dermal level with Edelweiss extract enriched with floral water -Cornflower, Witch Hazel and Peppermint. This mask prevents the appearance of wrinkles and acts to improve skin\u2019s suppleness and tone. Your complexion is luminous, lines are smoothed and skin is softened for a visibly more youthful appearance.","_et_gb_content_width":""},"product_brand":[],"product_cat":[43,53,39,60,56,59,46,50,54],"product_tag":[],"class_list":{"0":"post-32849","1":"product","2":"type-product","3":"status-publish","4":"has-post-thumbnail","6":"product_cat-anti-aging","7":"product_cat-anti-aging-concerns","8":"product_cat-bestsellers","9":"product_cat-collections","10":"product_cat-dry-dehydrated-skin","11":"product_cat-horizon","12":"product_cat-hydrating","13":"product_cat-masks-peels","14":"product_cat-sensitive-skin","16":"first","17":"instock","18":"shipping-taxable","19":"purchasable","20":"product-type-simple"},"acf":[],"_links":{"self":[{"href":"https:\/\/alpeor.com\/de\/wp-json\/wp\/v2\/product\/32849","targetHints":{"allow":["GET"]}}],"collection":[{"href":"https:\/\/alpeor.com\/de\/wp-json\/wp\/v2\/product"}],"about":[{"href":"https:\/\/alpeor.com\/de\/wp-json\/wp\/v2\/types\/product"}],"wp:featuredmedia":[{"embeddable":true,"href":"https:\/\/alpeor.com\/de\/wp-json\/wp\/v2\/media\/45758"}],"wp:attachment":[{"href":"https:\/\/alpeor.com\/de\/wp-json\/wp\/v2\/media?parent=32849"}],"wp:term":[{"taxonomy":"product_brand","embeddable":true,"href":"https:\/\/alpeor.com\/de\/wp-json\/wp\/v2\/product_brand?post=32849"},{"taxonomy":"product_cat","embeddable":true,"href":"https:\/\/alpeor.com\/de\/wp-json\/wp\/v2\/product_cat?post=32849"},{"taxonomy":"product_tag","embeddable":true,"href":"https:\/\/alpeor.com\/de\/wp-json\/wp\/v2\/product_tag?post=32849"}],"curies":[{"name":"wp","href":"https:\/\/api.w.org\/{rel}","templated":true}]}}