{"id":32828,"date":"2025-04-22T09:48:52","date_gmt":"2025-04-22T09:48:52","guid":{"rendered":"https:\/\/alpeor.com\/?post_type=product&#038;p=32828"},"modified":"2025-09-24T10:41:32","modified_gmt":"2025-09-24T10:41:32","slug":"youth-activator-serum","status":"publish","type":"product","link":"https:\/\/alpeor.com\/de\/product\/youth-activator-serum\/","title":{"rendered":"Youth Activator Serum"},"content":{"rendered":"<p>Dieses Serum ist vollgepackt mit wertvollen Pflegestoffen, die in der Tiefe wirken und helfen, die Haut zu festigen und die Hautoberfl\u00e4che zu gl\u00e4tten. Die enthaltenen Extrakte aus Apfelkernen und Rose k\u00f6nnen Falten auff\u00fcllen, indem sie die extrazellul\u00e4re Matrix anregen. Zudem erhalten sie den optimalen Hyalurons\u00e4ure-Spiegel aufrecht und f\u00f6rdern damit eine ideale Hautdurchfeuchtung. Die Haut wird gegl\u00e4ttet und erh\u00e4lt mit jeder Anwendung ihre Elastizit\u00e4t zur\u00fcck.<\/p>","protected":false},"excerpt":{"rendered":"<p>Dieses Serum ist vollgepackt mit wertvollen Pflegestoffen, die in der Tiefe wirken und helfen, die Haut zu festigen und die Hautoberfl\u00e4che zu gl\u00e4tten. Die enthaltenen Extrakte aus Apfelkernen und Rose k\u00f6nnen Falten auff\u00fcllen, indem sie die extrazellul\u00e4re Matrix anregen. Zudem erhalten sie den optimalen Hyalurons\u00e4ure-Spiegel aufrecht und f\u00f6rdern damit eine ideale Hautdurchfeuchtung. Die Haut wird gegl\u00e4ttet und erh\u00e4lt mit jeder Anwendung ihre Elastizit\u00e4t zur\u00fcck.<\/p>","protected":false},"featured_media":45774,"template":"","meta":{"_acf_changed":false,"_et_pb_use_builder":"","_et_pb_old_content":"","_et_gb_content_width":""},"product_brand":[],"product_cat":[60,43,53,59,44],"product_tag":[],"class_list":{"0":"post-32828","1":"product","2":"type-product","3":"status-publish","4":"has-post-thumbnail","6":"product_cat-collections","7":"product_cat-anti-aging","8":"product_cat-anti-aging-concerns","9":"product_cat-horizon","10":"product_cat-serums-essence","12":"first","13":"instock","14":"shipping-taxable","15":"purchasable","16":"product-type-simple"},"acf":[],"_links":{"self":[{"href":"https:\/\/alpeor.com\/de\/wp-json\/wp\/v2\/product\/32828","targetHints":{"allow":["GET"]}}],"collection":[{"href":"https:\/\/alpeor.com\/de\/wp-json\/wp\/v2\/product"}],"about":[{"href":"https:\/\/alpeor.com\/de\/wp-json\/wp\/v2\/types\/product"}],"wp:featuredmedia":[{"embeddable":true,"href":"https:\/\/alpeor.com\/de\/wp-json\/wp\/v2\/media\/45774"}],"wp:attachment":[{"href":"https:\/\/alpeor.com\/de\/wp-json\/wp\/v2\/media?parent=32828"}],"wp:term":[{"taxonomy":"product_brand","embeddable":true,"href":"https:\/\/alpeor.com\/de\/wp-json\/wp\/v2\/product_brand?post=32828"},{"taxonomy":"product_cat","embeddable":true,"href":"https:\/\/alpeor.com\/de\/wp-json\/wp\/v2\/product_cat?post=32828"},{"taxonomy":"product_tag","embeddable":true,"href":"https:\/\/alpeor.com\/de\/wp-json\/wp\/v2\/product_tag?post=32828"}],"curies":[{"name":"wp","href":"https:\/\/api.w.org\/{rel}","templated":true}]}}