{"id":32823,"date":"2025-04-22T09:51:43","date_gmt":"2025-04-22T09:51:43","guid":{"rendered":"https:\/\/alpeor.com\/?post_type=product&#038;p=32823"},"modified":"2026-02-11T09:34:49","modified_gmt":"2026-02-11T09:34:49","slug":"or-des-alpes","status":"publish","type":"product","link":"https:\/\/alpeor.com\/de\/product\/or-des-alpes\/","title":{"rendered":"Or des Alpes"},"content":{"rendered":"<p>Mit wahren Sch\u00e4tzen der Natur verlangsamt diese biotechnologische, innovative Pflege den Prozess der Faltenbildung. Seine exklusive Formel b\u00fcndelt die Kraft von Rhodiola rosea, einer seltenen adaptogenen Pflanze, die f\u00fcr ihre starken Anti-Aging-Eigenschaften bekannt ist und in H\u00f6henlagen von \u00fcber 2.500 Metern w\u00e4chst. Durch die Aktivierung des FOXO-Jugendproteins, dessen entscheidende Rolle f\u00fcr die zellul\u00e4re Langlebigkeit von Wissenschaftlern nachgewiesen wurde, stimuliert diese kostbare Pflege die Entgiftung und die Zellregeneration. Schliesslich wurde ein Cocktail aus sechs 100% nat\u00fcrlichen Pflanzen\u00f6len speziell ausgew\u00e4hlt, um tief im Inneren der Haut zu wirken.Tag f\u00fcr Tag wird die Haut wie von innen heraus aufgepolstert. Das Hautrelief wird verfeinert, die Neubildung von Falten und Linien verlangsamt. Die Haut f\u00fchlt sich wie verwandelt an und die Hautqualit\u00e4t verbessert sich. Die Trocken\u00f6l-Textur verschmilzt sofort mit der Haut. <\/p>","protected":false},"excerpt":{"rendered":"<p>A true botanical gem, this innovative, biotechnological serum prevents the premature onset of wrinkles. Its exclusive formula concentrates the power of Rhodiola rosea, a rare adaptogenic plant renowned for its powerful anti-aging properties, grown at over 2,500 metres above sea level. By awakening the FOXO youth protein, discovered by scientists to play an essential role [&hellip;]<\/p>\n","protected":false},"featured_media":45773,"template":"","meta":{"_acf_changed":false,"_et_pb_use_builder":"off","_et_pb_old_content":"A true botanical gem, this innovative, biotechnological serum prevents the premature onset of wrinkles. Its exclusive formula contains powerful Rhodiola rosea extract, which awakens the youth protein FOXO, combined with a blend of seven, 100% natural botanical oils specifically selected to act at the skin\u2019s core. Day after day, as if being rebuilt from within, the skin is plumped, texture is corrected, and the appearance of new wrinkles and fine lines is slowed. Skin quality is transformed. The dry oil texture melts instantly into the skin.","_et_gb_content_width":""},"product_brand":[],"product_cat":[60,43,53,39,56,59,54,44],"product_tag":[],"class_list":{"0":"post-32823","1":"product","2":"type-product","3":"status-publish","4":"has-post-thumbnail","6":"product_cat-collections","7":"product_cat-anti-aging","8":"product_cat-anti-aging-concerns","9":"product_cat-bestsellers","10":"product_cat-dry-dehydrated-skin","11":"product_cat-horizon","12":"product_cat-sensitive-skin","13":"product_cat-serums-essence","15":"first","16":"instock","17":"shipping-taxable","18":"purchasable","19":"product-type-simple"},"acf":[],"_links":{"self":[{"href":"https:\/\/alpeor.com\/de\/wp-json\/wp\/v2\/product\/32823","targetHints":{"allow":["GET"]}}],"collection":[{"href":"https:\/\/alpeor.com\/de\/wp-json\/wp\/v2\/product"}],"about":[{"href":"https:\/\/alpeor.com\/de\/wp-json\/wp\/v2\/types\/product"}],"wp:featuredmedia":[{"embeddable":true,"href":"https:\/\/alpeor.com\/de\/wp-json\/wp\/v2\/media\/45773"}],"wp:attachment":[{"href":"https:\/\/alpeor.com\/de\/wp-json\/wp\/v2\/media?parent=32823"}],"wp:term":[{"taxonomy":"product_brand","embeddable":true,"href":"https:\/\/alpeor.com\/de\/wp-json\/wp\/v2\/product_brand?post=32823"},{"taxonomy":"product_cat","embeddable":true,"href":"https:\/\/alpeor.com\/de\/wp-json\/wp\/v2\/product_cat?post=32823"},{"taxonomy":"product_tag","embeddable":true,"href":"https:\/\/alpeor.com\/de\/wp-json\/wp\/v2\/product_tag?post=32823"}],"curies":[{"name":"wp","href":"https:\/\/api.w.org\/{rel}","templated":true}]}}