{"id":32821,"date":"2025-04-22T12:20:19","date_gmt":"2025-04-22T12:20:19","guid":{"rendered":"https:\/\/alpeor.com\/?post_type=product&#038;p=32821"},"modified":"2025-09-24T10:40:18","modified_gmt":"2025-09-24T10:40:18","slug":"travel-with-alpeor","status":"publish","type":"product","link":"https:\/\/alpeor.com\/de\/product\/travel-with-alpeor\/","title":{"rendered":"Travel with ALPEOR"},"content":{"rendered":"<p>Drei Hautpflege-Essentials in einem praktischen Reiseset. G\u00f6nnen Sie sich ein Programm in drei Schritten zur Reinigung und Vorbereitung der Haut:<br \/>\n1. Gentle Cleansing Lotion entfernt Make-up mild und effektiv. Der hauteigene S\u00e4ureschutzmantel wird geschont \u2013 auch bei sehr empfindlicher Haut.<br \/>\n2. Foaming Cleanser entfernt zuverl\u00e4ssig Verunreinigungen, Make-up-R\u00fcckst\u00e4nde, Schadstoffe und Talg, ohne auch nur das leiseste Gef\u00fchl von Trockenheit hervorzurufen.<br \/>\n3. Floral Skin Toner rundet das Beauty-Ritual optimal ab. Die seidige, serum\u00e4hnliche Textur spendet Feuchtigkeit, revitalisiert die Epidermis und schenkt ein unvergleichlich angenehmes Hautgef\u00fchl.<br \/>\nIhre Haut ist beruhigt, gekl\u00e4rt und tonisiert \u2013 bereit f\u00fcr das nachfolgende Alpeor-Pflegeprogramm.<\/p>","protected":false},"excerpt":{"rendered":"<p>Three essential skincare products in a practical travel set to give your skin the gift of a three-step cleansing and preparing routine: 1. Gentle Cleansing Lotion gently removes make-up while preserving the hydrolipidic film, even on the most delicate skins. 2. Foaming Cleanser effectively eliminates impurities, make-up residue, pollution and sebum without drying out the [&hellip;]<\/p>\n","protected":false},"featured_media":45772,"template":"","meta":{"_acf_changed":false,"_et_pb_use_builder":"","_et_pb_old_content":"","_et_gb_content_width":""},"product_brand":[],"product_cat":[60,40,46,47,55,49],"product_tag":[],"class_list":{"0":"post-32821","1":"product","2":"type-product","3":"status-publish","4":"has-post-thumbnail","6":"product_cat-collections","7":"product_cat-hydraswiss","8":"product_cat-hydrating","9":"product_cat-mattifying","10":"product_cat-oily-skin","11":"product_cat-prepare","13":"first","14":"instock","15":"shipping-taxable","16":"purchasable","17":"product-type-simple"},"acf":[],"_links":{"self":[{"href":"https:\/\/alpeor.com\/de\/wp-json\/wp\/v2\/product\/32821","targetHints":{"allow":["GET"]}}],"collection":[{"href":"https:\/\/alpeor.com\/de\/wp-json\/wp\/v2\/product"}],"about":[{"href":"https:\/\/alpeor.com\/de\/wp-json\/wp\/v2\/types\/product"}],"wp:featuredmedia":[{"embeddable":true,"href":"https:\/\/alpeor.com\/de\/wp-json\/wp\/v2\/media\/45772"}],"wp:attachment":[{"href":"https:\/\/alpeor.com\/de\/wp-json\/wp\/v2\/media?parent=32821"}],"wp:term":[{"taxonomy":"product_brand","embeddable":true,"href":"https:\/\/alpeor.com\/de\/wp-json\/wp\/v2\/product_brand?post=32821"},{"taxonomy":"product_cat","embeddable":true,"href":"https:\/\/alpeor.com\/de\/wp-json\/wp\/v2\/product_cat?post=32821"},{"taxonomy":"product_tag","embeddable":true,"href":"https:\/\/alpeor.com\/de\/wp-json\/wp\/v2\/product_tag?post=32821"}],"curies":[{"name":"wp","href":"https:\/\/api.w.org\/{rel}","templated":true}]}}