{"id":32819,"date":"2025-04-22T12:16:20","date_gmt":"2025-04-22T12:16:20","guid":{"rendered":"https:\/\/alpeor.com\/?post_type=product&#038;p=32819"},"modified":"2026-03-10T07:58:52","modified_gmt":"2026-03-10T07:58:52","slug":"splendour-cream","status":"publish","type":"product","link":"https:\/\/alpeor.com\/de\/product\/splendour-cream\/","title":{"rendered":"Splendour Cream"},"content":{"rendered":"<p>Diese Creme ist speziell f\u00fcr die trockene Haut gedacht, die sich sowohl nach intensiv n\u00e4hrender Pflege als auch nach Feuchtigkeit sehnt. Sie wirkt auf vier Ebenen und hilft, den nat\u00fcrlichen Feuchtigkeitsgehalt der Haut wiederherzustellen und die hauteigenen Feuchtigkeitsprozesse zu aktivieren.<br \/>\nEine exklusive Mischung pflanzlicher Aktivstoffe aus Meisterwurz, Malve und Edelweiss sch\u00fctzt und st\u00e4rkt die Hautbarriere.<br \/>\nSchon nach einer Stunde ist der Feuchtigkeitsgehalt der Haut um 91% erh\u00f6ht. Tag f\u00fcr Tag wird die Haut revitalisiert. Sie gewinnt an Ausstrahlung, Geschmeidigkeit und Feuchtigkeit zur\u00fcck.<\/p>","protected":false},"excerpt":{"rendered":"<p>This skincare cream targets dry skin in need of intense nutrition and hydration. Works on four levels to restore skin\u2019s natural hydration levels and re-start its hydration mechanisms. An exclusive blend of botanical active ingredients, Masterwort, Mallow and Edelweiss protect and strengthen the cutaneous barrier. In just one hour, skin hydration is increased by 91%. [&hellip;]<\/p>\n","protected":false},"featured_media":45771,"template":"","meta":{"_acf_changed":false,"_et_pb_use_builder":"","_et_pb_old_content":"","_et_gb_content_width":""},"product_brand":[],"product_cat":[60,39,56,40,46,54],"product_tag":[],"class_list":{"0":"post-32819","1":"product","2":"type-product","3":"status-publish","4":"has-post-thumbnail","6":"product_cat-collections","7":"product_cat-bestsellers","8":"product_cat-dry-dehydrated-skin","9":"product_cat-hydraswiss","10":"product_cat-hydrating","11":"product_cat-sensitive-skin","13":"first","14":"instock","15":"shipping-taxable","16":"purchasable","17":"product-type-simple"},"acf":[],"_links":{"self":[{"href":"https:\/\/alpeor.com\/de\/wp-json\/wp\/v2\/product\/32819","targetHints":{"allow":["GET"]}}],"collection":[{"href":"https:\/\/alpeor.com\/de\/wp-json\/wp\/v2\/product"}],"about":[{"href":"https:\/\/alpeor.com\/de\/wp-json\/wp\/v2\/types\/product"}],"wp:featuredmedia":[{"embeddable":true,"href":"https:\/\/alpeor.com\/de\/wp-json\/wp\/v2\/media\/45771"}],"wp:attachment":[{"href":"https:\/\/alpeor.com\/de\/wp-json\/wp\/v2\/media?parent=32819"}],"wp:term":[{"taxonomy":"product_brand","embeddable":true,"href":"https:\/\/alpeor.com\/de\/wp-json\/wp\/v2\/product_brand?post=32819"},{"taxonomy":"product_cat","embeddable":true,"href":"https:\/\/alpeor.com\/de\/wp-json\/wp\/v2\/product_cat?post=32819"},{"taxonomy":"product_tag","embeddable":true,"href":"https:\/\/alpeor.com\/de\/wp-json\/wp\/v2\/product_tag?post=32819"}],"curies":[{"name":"wp","href":"https:\/\/api.w.org\/{rel}","templated":true}]}}