{"id":32815,"date":"2025-04-22T12:13:23","date_gmt":"2025-04-22T12:13:23","guid":{"rendered":"https:\/\/alpeor.com\/?post_type=product&#038;p=32815"},"modified":"2025-09-24T10:37:06","modified_gmt":"2025-09-24T10:37:06","slug":"harmony-fluid","status":"publish","type":"product","link":"https:\/\/alpeor.com\/de\/product\/harmony-fluid\/","title":{"rendered":"Harmony Fluid"},"content":{"rendered":"<p>Harmony Fluid wurde speziell f\u00fcr Misch- und fettige Haut entwickelt. Die einzigartige, hauchzarte Formel entspricht dem nat\u00fcrlichen pH-Wert der Haut und wirkt gleich dreifach:<br \/>\n1. KL\u00c4REND: f\u00f6rdert ein ausgeglichenes Mikrobiom und stimuliert das hauteigene Abwehrsystem.<br \/>\n2. FEUCHTIGKEITSSPENDEND: f\u00fcr ein angenehmes Hautgef\u00fchl \u00fcber den ganzen Tag hinweg.<br \/>\n3. MATTIEREND: f\u00fcr einen sofortigen und lang anhaltenden regulierenden Effekt Die fortschrittliche Formel mit Extrakten aus Weidenr\u00f6schen und Orange bringt die Epidermis zur\u00fcck ins Gleichgewicht, baut die Hautbarriere wieder auf und h\u00e4lt die Haut \u00fcber den Tag hinweg auf einem optimalen Feuchtigkeitsniveau. Die Haut ist wieder in Balance. Sie wirkt sichtbar klarer, gut durchfeuchtet und hat mehr Leuchtkraft.<\/p>","protected":false},"excerpt":{"rendered":"<p>Specifically created for oily to combination skin, Harmony Fluid offers a unique formula, close the skin\u2019s natural pH, for a triple action: 1. PURIFIES, promotes a balanced microbiome and stimulates skin\u2019s natural defense mechanisms. 2. HYDRATES, for all-day comfort. 3. MATTIFIES, for an instant and long-lasting regulating effect. This cutting-edge formula is rich in Willowherb [&hellip;]<\/p>\n","protected":false},"featured_media":45770,"template":"","meta":{"_acf_changed":false,"_et_pb_use_builder":"","_et_pb_old_content":"","_et_gb_content_width":""},"product_brand":[],"product_cat":[60,40,46,47,55],"product_tag":[],"class_list":{"0":"post-32815","1":"product","2":"type-product","3":"status-publish","4":"has-post-thumbnail","6":"product_cat-collections","7":"product_cat-hydraswiss","8":"product_cat-hydrating","9":"product_cat-mattifying","10":"product_cat-oily-skin","12":"first","13":"instock","14":"shipping-taxable","15":"purchasable","16":"product-type-simple"},"acf":[],"_links":{"self":[{"href":"https:\/\/alpeor.com\/de\/wp-json\/wp\/v2\/product\/32815","targetHints":{"allow":["GET"]}}],"collection":[{"href":"https:\/\/alpeor.com\/de\/wp-json\/wp\/v2\/product"}],"about":[{"href":"https:\/\/alpeor.com\/de\/wp-json\/wp\/v2\/types\/product"}],"wp:featuredmedia":[{"embeddable":true,"href":"https:\/\/alpeor.com\/de\/wp-json\/wp\/v2\/media\/45770"}],"wp:attachment":[{"href":"https:\/\/alpeor.com\/de\/wp-json\/wp\/v2\/media?parent=32815"}],"wp:term":[{"taxonomy":"product_brand","embeddable":true,"href":"https:\/\/alpeor.com\/de\/wp-json\/wp\/v2\/product_brand?post=32815"},{"taxonomy":"product_cat","embeddable":true,"href":"https:\/\/alpeor.com\/de\/wp-json\/wp\/v2\/product_cat?post=32815"},{"taxonomy":"product_tag","embeddable":true,"href":"https:\/\/alpeor.com\/de\/wp-json\/wp\/v2\/product_tag?post=32815"}],"curies":[{"name":"wp","href":"https:\/\/api.w.org\/{rel}","templated":true}]}}