{"id":32813,"date":"2025-04-22T12:10:57","date_gmt":"2025-04-22T12:10:57","guid":{"rendered":"https:\/\/alpeor.com\/?post_type=product&#038;p=32813"},"modified":"2026-03-03T11:17:13","modified_gmt":"2026-03-03T11:17:13","slug":"rettungsmaske","status":"publish","type":"product","link":"https:\/\/alpeor.com\/de\/product\/rescue-mask\/","title":{"rendered":"Rettungsmaske"},"content":{"rendered":"<p>Diese cremige Gesichtsmaske hat stark absorbierende Eigenschaften und bringt die Misch- und fettige Haut zum Strahlen. In nur 10 Minuten verfeinert sie die Poren und kl\u00e4rt die Haut, ohne sie auszutrocknen. Weisse Tonerde absorbiert Talg und Schadstoffe, Sesam\u00f6l revitalisiert m\u00fcde Haut und pflegt sie zart. Die Haut wird von Unreinheiten befreit und atmet auf. Sie erscheint klar, frisch, lebendig und strahlend.<\/p>","protected":false},"excerpt":{"rendered":"<p>Diese cremige Gesichtsmaske hat stark absorbierende Eigenschaften und bringt die Misch- und fettige Haut zum Strahlen. In nur 10 Minuten verfeinert sie die Poren und kl\u00e4rt die Haut, ohne sie auszutrocknen. Weisse Tonerde absorbiert Talg und Schadstoffe, Sesam\u00f6l revitalisiert m\u00fcde Haut und pflegt sie zart. Die Haut wird von Unreinheiten befreit und atmet auf. Sie erscheint klar, frisch, lebendig und strahlend.<\/p>","protected":false},"featured_media":45769,"template":"","meta":{"_acf_changed":false,"_seopress_robots_primary_cat":"60","_seopress_titles_title":"","_seopress_titles_desc":"","_seopress_robots_index":"","_seopress_analysis_target_kw":"","_et_pb_use_builder":"","_et_pb_old_content":"","_et_gb_content_width":""},"product_brand":[],"product_cat":[60,40,50,47,55],"product_tag":[],"class_list":{"0":"post-32813","1":"product","2":"type-product","3":"status-publish","4":"has-post-thumbnail","6":"product_cat-collections","7":"product_cat-hydraswiss","8":"product_cat-masks-peels","9":"product_cat-mattifying","10":"product_cat-oily-skin","12":"first","13":"instock","14":"shipping-taxable","15":"purchasable","16":"product-type-simple"},"acf":[],"_links":{"self":[{"href":"https:\/\/alpeor.com\/de\/wp-json\/wp\/v2\/product\/32813","targetHints":{"allow":["GET"]}}],"collection":[{"href":"https:\/\/alpeor.com\/de\/wp-json\/wp\/v2\/product"}],"about":[{"href":"https:\/\/alpeor.com\/de\/wp-json\/wp\/v2\/types\/product"}],"wp:featuredmedia":[{"embeddable":true,"href":"https:\/\/alpeor.com\/de\/wp-json\/wp\/v2\/media\/45769"}],"wp:attachment":[{"href":"https:\/\/alpeor.com\/de\/wp-json\/wp\/v2\/media?parent=32813"}],"wp:term":[{"taxonomy":"product_brand","embeddable":true,"href":"https:\/\/alpeor.com\/de\/wp-json\/wp\/v2\/product_brand?post=32813"},{"taxonomy":"product_cat","embeddable":true,"href":"https:\/\/alpeor.com\/de\/wp-json\/wp\/v2\/product_cat?post=32813"},{"taxonomy":"product_tag","embeddable":true,"href":"https:\/\/alpeor.com\/de\/wp-json\/wp\/v2\/product_tag?post=32813"}],"curies":[{"name":"wp","href":"https:\/\/api.w.org\/{rel}","templated":true}]}}