{"id":32811,"date":"2025-04-22T12:07:47","date_gmt":"2025-04-22T12:07:47","guid":{"rendered":"https:\/\/alpeor.com\/?post_type=product&#038;p=32811"},"modified":"2025-09-24T10:35:40","modified_gmt":"2025-09-24T10:35:40","slug":"gentle-facial-scrub","status":"publish","type":"product","link":"https:\/\/alpeor.com\/de\/product\/gentle-facial-scrub\/","title":{"rendered":"Gentle Facial Scrub"},"content":{"rendered":"<p>Die ultramilde Formel befreit verstopfte Poren und f\u00f6rdert die Zellerneuerung in nur einem Schritt, dank der sanften Wirkung der enthaltenen pflanzlichen Mikrosph\u00e4ren. Die Geltextur ist ideal f\u00fcr alle Hauttypen. Das Hautbild wird sichtbar verfeinert, die Poren wirken verengt, der Teint ist voller Leuchtkraft.<\/p>","protected":false},"excerpt":{"rendered":"<p>Die ultramilde Formel befreit verstopfte Poren und f\u00f6rdert die Zellerneuerung in nur einem Schritt, dank der sanften Wirkung der enthaltenen pflanzlichen Mikrosph\u00e4ren. Die Geltextur ist ideal f\u00fcr alle Hauttypen. Das Hautbild wird sichtbar verfeinert, die Poren wirken verengt, der Teint ist voller Leuchtkraft.<\/p>","protected":false},"featured_media":45768,"template":"","meta":{"_acf_changed":false,"_et_pb_use_builder":"","_et_pb_old_content":"","_et_gb_content_width":""},"product_brand":[],"product_cat":[60,40,50,55],"product_tag":[],"class_list":{"0":"post-32811","1":"product","2":"type-product","3":"status-publish","4":"has-post-thumbnail","6":"product_cat-collections","7":"product_cat-hydraswiss","8":"product_cat-masks-peels","9":"product_cat-oily-skin","11":"first","12":"instock","13":"shipping-taxable","14":"purchasable","15":"product-type-simple"},"acf":[],"_links":{"self":[{"href":"https:\/\/alpeor.com\/de\/wp-json\/wp\/v2\/product\/32811","targetHints":{"allow":["GET"]}}],"collection":[{"href":"https:\/\/alpeor.com\/de\/wp-json\/wp\/v2\/product"}],"about":[{"href":"https:\/\/alpeor.com\/de\/wp-json\/wp\/v2\/types\/product"}],"wp:featuredmedia":[{"embeddable":true,"href":"https:\/\/alpeor.com\/de\/wp-json\/wp\/v2\/media\/45768"}],"wp:attachment":[{"href":"https:\/\/alpeor.com\/de\/wp-json\/wp\/v2\/media?parent=32811"}],"wp:term":[{"taxonomy":"product_brand","embeddable":true,"href":"https:\/\/alpeor.com\/de\/wp-json\/wp\/v2\/product_brand?post=32811"},{"taxonomy":"product_cat","embeddable":true,"href":"https:\/\/alpeor.com\/de\/wp-json\/wp\/v2\/product_cat?post=32811"},{"taxonomy":"product_tag","embeddable":true,"href":"https:\/\/alpeor.com\/de\/wp-json\/wp\/v2\/product_tag?post=32811"}],"curies":[{"name":"wp","href":"https:\/\/api.w.org\/{rel}","templated":true}]}}