{"id":32806,"date":"2025-04-22T12:03:38","date_gmt":"2025-04-22T12:03:38","guid":{"rendered":"https:\/\/alpeor.com\/?post_type=product&#038;p=32806"},"modified":"2025-09-24T10:35:20","modified_gmt":"2025-09-24T10:35:20","slug":"floral-skin-toner","status":"publish","type":"product","link":"https:\/\/alpeor.com\/de\/product\/floral-skin-toner\/","title":{"rendered":"Floral Skin Toner"},"content":{"rendered":"<p>Floral Skin Toner rundet das Beauty-Ritual optimal ab. Die seidige, serum\u00e4hnliche Textur spendet Feuchtigkeit, revitalisiert die Epidermis und schenkt ein unvergleichlich angenehmes Hautgef\u00fchl. Die Haut profitiert von den hautpflegenden Eigenschaften der enthaltenen Pflanzen. Verbene-Bl\u00fctenwasser sorgt f\u00fcr ein weiches, geschmeidiges Hautgef\u00fchl. Wie ein beruhigender Schleier legt sich der Toner \u00fcber die Haut, die sich sofort zart und wie neu belebt zeigt.<\/p>","protected":false},"excerpt":{"rendered":"<p>Floral Skin Toner rundet das Beauty-Ritual optimal ab. Die seidige, serum\u00e4hnliche Textur spendet Feuchtigkeit, revitalisiert die Epidermis und schenkt ein unvergleichlich angenehmes Hautgef\u00fchl. Die Haut profitiert von den hautpflegenden Eigenschaften der enthaltenen Pflanzen. Verbene-Bl\u00fctenwasser sorgt f\u00fcr ein weiches, geschmeidiges Hautgef\u00fchl. Wie ein beruhigender Schleier legt sich der Toner \u00fcber die Haut, die sich sofort zart und wie neu belebt zeigt.<\/p>","protected":false},"featured_media":45767,"template":"","meta":{"_acf_changed":false,"_et_pb_use_builder":"","_et_pb_old_content":"","_et_gb_content_width":""},"product_brand":[],"product_cat":[60,40,46,49,54],"product_tag":[],"class_list":{"0":"post-32806","1":"product","2":"type-product","3":"status-publish","4":"has-post-thumbnail","6":"product_cat-collections","7":"product_cat-hydraswiss","8":"product_cat-hydrating","9":"product_cat-prepare","10":"product_cat-sensitive-skin","12":"first","13":"instock","14":"shipping-taxable","15":"purchasable","16":"product-type-simple"},"acf":[],"_links":{"self":[{"href":"https:\/\/alpeor.com\/de\/wp-json\/wp\/v2\/product\/32806","targetHints":{"allow":["GET"]}}],"collection":[{"href":"https:\/\/alpeor.com\/de\/wp-json\/wp\/v2\/product"}],"about":[{"href":"https:\/\/alpeor.com\/de\/wp-json\/wp\/v2\/types\/product"}],"wp:featuredmedia":[{"embeddable":true,"href":"https:\/\/alpeor.com\/de\/wp-json\/wp\/v2\/media\/45767"}],"wp:attachment":[{"href":"https:\/\/alpeor.com\/de\/wp-json\/wp\/v2\/media?parent=32806"}],"wp:term":[{"taxonomy":"product_brand","embeddable":true,"href":"https:\/\/alpeor.com\/de\/wp-json\/wp\/v2\/product_brand?post=32806"},{"taxonomy":"product_cat","embeddable":true,"href":"https:\/\/alpeor.com\/de\/wp-json\/wp\/v2\/product_cat?post=32806"},{"taxonomy":"product_tag","embeddable":true,"href":"https:\/\/alpeor.com\/de\/wp-json\/wp\/v2\/product_tag?post=32806"}],"curies":[{"name":"wp","href":"https:\/\/api.w.org\/{rel}","templated":true}]}}