{"id":32734,"date":"2025-04-16T17:36:39","date_gmt":"2025-04-16T17:36:39","guid":{"rendered":"https:\/\/alpeor.com\/?post_type=product&#038;p=32734"},"modified":"2026-04-22T10:00:06","modified_gmt":"2026-04-22T10:00:06","slug":"foaming-cleanser","status":"publish","type":"product","link":"https:\/\/alpeor.com\/de\/product\/foaming-cleanser\/","title":{"rendered":"Foaming Cleanser"},"content":{"rendered":"<p>Foaming Cleanse erg\u00e4nzt die Make-up-Entfernung ideal. Dieser schonende Reinigungsschaum ist mit nat\u00fcrlichen Tensiden formuliert, die das Gleichgewicht der Haut erhalten. Die luftig-leichte Schaumtextur entfernt zuverl\u00e4ssig Verunreinigungen, Make-up-R\u00fcckst\u00e4nde, Schadstoffe und Talg, ohne auch nur das leiseste Gef\u00fchl von Trockenheit hervorzurufen. Angereichert mit einer Mischung aus Pfefferminzwasser und M\u00e4usedorn-Extrakt, tr\u00e4gt diese Pflege zu einem klareren, sch\u00f6neren Hautbild bei.<\/p>","protected":false},"excerpt":{"rendered":"<p>The perfect partner to a make-up remover, Foaming Cleanser is formulated with natural surfactants that respect the skin\u2019s natural balance. The lightweight, foam texture effectively eliminates impurities, make-up residue, pollution and sebum without even a hint of drying out the skin. It is enriched with a blend of Peppermint water and Ruscus extract and helps [&hellip;]<\/p>\n","protected":false},"featured_media":45766,"template":"","meta":{"_acf_changed":false,"_et_pb_use_builder":"off","_et_pb_old_content":"The perfect partner to a make-up remover, Foaming Cleanser is formulated with natural surfactants that respect the skin\u2019s natural balance. The lightweight, foam texture effectively eliminates impurities, make-up residue, pollution and sebum without even a hint of drying out the skin. It is enriched with a blend of Peppermint water and Ruscus extract and helps to maintain clearer, more beautiful skin.","_et_gb_content_width":""},"product_brand":[],"product_cat":[60,40,55,49,54],"product_tag":[],"class_list":{"0":"post-32734","1":"product","2":"type-product","3":"status-publish","4":"has-post-thumbnail","6":"product_cat-collections","7":"product_cat-hydraswiss","8":"product_cat-oily-skin","9":"product_cat-prepare","10":"product_cat-sensitive-skin","12":"first","13":"instock","14":"shipping-taxable","15":"purchasable","16":"product-type-simple"},"acf":[],"_links":{"self":[{"href":"https:\/\/alpeor.com\/de\/wp-json\/wp\/v2\/product\/32734","targetHints":{"allow":["GET"]}}],"collection":[{"href":"https:\/\/alpeor.com\/de\/wp-json\/wp\/v2\/product"}],"about":[{"href":"https:\/\/alpeor.com\/de\/wp-json\/wp\/v2\/types\/product"}],"wp:featuredmedia":[{"embeddable":true,"href":"https:\/\/alpeor.com\/de\/wp-json\/wp\/v2\/media\/45766"}],"wp:attachment":[{"href":"https:\/\/alpeor.com\/de\/wp-json\/wp\/v2\/media?parent=32734"}],"wp:term":[{"taxonomy":"product_brand","embeddable":true,"href":"https:\/\/alpeor.com\/de\/wp-json\/wp\/v2\/product_brand?post=32734"},{"taxonomy":"product_cat","embeddable":true,"href":"https:\/\/alpeor.com\/de\/wp-json\/wp\/v2\/product_cat?post=32734"},{"taxonomy":"product_tag","embeddable":true,"href":"https:\/\/alpeor.com\/de\/wp-json\/wp\/v2\/product_tag?post=32734"}],"curies":[{"name":"wp","href":"https:\/\/api.w.org\/{rel}","templated":true}]}}