{"id":32731,"date":"2025-04-16T16:59:19","date_gmt":"2025-04-16T16:59:19","guid":{"rendered":"https:\/\/alpeor.com\/?post_type=product&#038;p=32731"},"modified":"2025-09-24T10:33:35","modified_gmt":"2025-09-24T10:33:35","slug":"gentle-cleansing-lotion","status":"publish","type":"product","link":"https:\/\/alpeor.com\/de\/product\/gentle-cleansing-lotion\/","title":{"rendered":"Gentle Cleansing Lotion"},"content":{"rendered":"<p>Gentle Cleansing Lotion umh\u00fcllt die Haut sanft und entfernt Make-up mild und effektiv. Der hauteigene S\u00e4ureschutzmantel wird geschont \u2013 auch bei sehr empfindlicher Haut. Wertvolle Sheabutter sowie Kornblumen- und Hamameliswasser machen die Lotion zu einem wichtigen Schritt in der t\u00e4glichen Pflegeroutine. Die Haut wird von Verunreinigungen befreit, und zur\u00fcck bleiben ein strahlender Teint und ein wunderbar geschmeidiges Hautgef\u00fchl.<\/p>","protected":false},"excerpt":{"rendered":"<p>Enveloping the skin in softness, Gentle Cleansing Lotion removes make-up while preserving the hydrolipidic film, even on the most sensitive skins. It is enriched with precious Shea butter, Witch Hazel and Cornflower water, making it an essential part of any daily routine. Impurities are removed and skin is left feeling incredibly supple and glowing with [&hellip;]<\/p>\n","protected":false},"featured_media":45765,"template":"","meta":{"_acf_changed":false,"_et_pb_use_builder":"","_et_pb_old_content":"","_et_gb_content_width":""},"product_brand":[],"product_cat":[40,60,49,54],"product_tag":[],"class_list":{"0":"post-32731","1":"product","2":"type-product","3":"status-publish","4":"has-post-thumbnail","6":"product_cat-hydraswiss","7":"product_cat-collections","8":"product_cat-prepare","9":"product_cat-sensitive-skin","11":"first","12":"instock","13":"shipping-taxable","14":"purchasable","15":"product-type-simple"},"acf":[],"_links":{"self":[{"href":"https:\/\/alpeor.com\/de\/wp-json\/wp\/v2\/product\/32731","targetHints":{"allow":["GET"]}}],"collection":[{"href":"https:\/\/alpeor.com\/de\/wp-json\/wp\/v2\/product"}],"about":[{"href":"https:\/\/alpeor.com\/de\/wp-json\/wp\/v2\/types\/product"}],"wp:featuredmedia":[{"embeddable":true,"href":"https:\/\/alpeor.com\/de\/wp-json\/wp\/v2\/media\/45765"}],"wp:attachment":[{"href":"https:\/\/alpeor.com\/de\/wp-json\/wp\/v2\/media?parent=32731"}],"wp:term":[{"taxonomy":"product_brand","embeddable":true,"href":"https:\/\/alpeor.com\/de\/wp-json\/wp\/v2\/product_brand?post=32731"},{"taxonomy":"product_cat","embeddable":true,"href":"https:\/\/alpeor.com\/de\/wp-json\/wp\/v2\/product_cat?post=32731"},{"taxonomy":"product_tag","embeddable":true,"href":"https:\/\/alpeor.com\/de\/wp-json\/wp\/v2\/product_tag?post=32731"}],"curies":[{"name":"wp","href":"https:\/\/api.w.org\/{rel}","templated":true}]}}